{"id":6648,"date":"2022-03-30T18:08:20","date_gmt":"2022-03-30T16:08:20","guid":{"rendered":"https:\/\/impozant.sk\/ubytovaci-poriadok\/"},"modified":"2023-10-30T15:42:10","modified_gmt":"2023-10-30T14:42:10","slug":"accommodation-regulations","status":"publish","type":"page","link":"https:\/\/impozant.sk\/en\/accommodation-regulations\/","title":{"rendered":"Accommodation Regulations"},"content":{"rendered":"<p><b>Article I<\/b><b><br \/>\n<\/b><b>Conditions and Method of Accommodation<\/b><\/p>\n<ol>\n<li style=\"font-weight: 400;\" aria-level=\"1\"><span style=\"font-weight: 400;\">These accommodation rules of the IMPOZANT Hotel, Snowland Val\u010dianska dolina 1096, 038 35 Val\u010da, are prepared by the company IMPOZANT, s.r.o., with the registered office Z\u00e1borsk\u00e9ho 2, 036 45 Martin, ID No: 44511612, company registered in the Commercial Register of the District Court of \u017dilina, Sec:\u00a0S.r.o. File No. 50509\/L, which is the operator of Hotel IMPOZANT and provides temporary accommodation in the hotel.<\/span><\/li>\n<li style=\"font-weight: 400;\" aria-level=\"1\"><span style=\"font-weight: 400;\">The accommodation facility can accommodate only a citizen who duly registers. For this purpose, the Guest immediately upon arrival at the accommodation facility shall present to the relevant receptionist a valid identity document (ID card, passport) in accordance with Act No. 253\/1998 on the reporting and registration of the residence of citizens, as amended. The receptionist will issue an accommodation card with the name of the accommodation facility, the name of the Guest, the room number, the price, the length of stay and the time of vacating the room on the last day of accommodation and will issue the Guest with a room key (chip card). The accommodation facility is obliged to protect the personal data of its Guests under Regulation (EU) 2016\/679 of the European Parliament and of the Council of 27 April 2016 on the protection of natural persons with regard to the processing of personal data and on the free movement of such data and repealing Directive 95\/46\/EC (General Data Protection Regulation). For more information on privacy, please visit www.impozant.sk .<\/span><\/li>\n<li style=\"font-weight: 400;\" aria-level=\"1\"><span style=\"font-weight: 400;\">Any Guest who is not a citizen of the Slovak Republic<\/span><span style=\"font-weight: 400;\"><br \/>\n<\/span><span style=\"font-weight: 400;\">(foreigner) is obliged under Act No. 48\/2002 Coll. on the stay of foreigners, as amended, to fill in and hand in at the reception the official form on reporting the stay, presented on arrival by the receptionist, whereby all the required data is obliged to indicate truthfully and completely.<\/span><span style=\"font-weight: 400;\"><br \/>\n<\/span><span style=\"font-weight: 400;\">4.\u00a0Only persons who are free from infectious diseases are allowed to use the accommodation.<\/span><span style=\"font-weight: 400;\"><br \/>\n<\/span><span style=\"font-weight: 400;\">5. The accommodation facility reserves the right to offer the Guest in exceptional cases a different accommodation than originally agreed, as long as it is not substantially different from the original order.<\/span><span style=\"font-weight: 400;\"><br \/>\n<\/span><span style=\"font-weight: 400;\">6. The accommodation facility is obliged to accommodate the Guest no later than 6:00 p.m., unless otherwise specified in the order. After that hour, the room is free to use.<\/span><span style=\"font-weight: 400;\"><br \/>\n<\/span><span style=\"font-weight: 400;\">7. If the Guest has booked accommodation in advance, and the booking including the price of accommodation has been confirmed in writing, and the accommodation facility accommodates the Guest in a room with a higher price for operational reasons, the accommodation facility shall charge the Guest the confirmed price.<\/span><span style=\"font-weight: 400;\"><br \/>\n<\/span><span style=\"font-weight: 400;\">8. If the Guest has requested an extension, the accommodation facility may also offer him\/her another room at a different price than the one he\/she was staying in.<\/span><\/li>\n<li style=\"font-weight: 400;\" aria-level=\"1\"><span style=\"font-weight: 400;\">If the accommodation period has not been agreed in advance, the Guest will check out of the room no later than 10:00 a.m. on the last day of the stay. If the guest fails to do so by the deadline, the property may charge him\/her \u20ac5 for each hour he\/she stays there.\u00a0If the Guest does not vacate the room by 16:00, the property may charge for the next day&#8217;s stay.<\/span><span style=\"font-weight: 400;\"><br \/>\n<\/span><span style=\"font-weight: 400;\">10. Guests who check in before 6:00 will be charged for the entire previous night.<\/span><span style=\"font-weight: 400;\"><br \/>\n<\/span><span style=\"font-weight: 400;\">11. Upon re-arrival at the accommodation facility, the Guest is obliged to present a valid hotel ID.<\/span><span style=\"font-weight: 400;\"><br \/>\n<\/span><span style=\"font-weight: 400;\">12. The accommodation facility shall provide services to Guests to the extent specified by law. The Guest is obliged to pay the price for the accommodation and services provided in accordance with the valid price list and payment terms of the accommodation facility. The price list for temporary accommodation and other services is available at the reception of the accommodation facility.<\/span><\/li>\n<\/ol>\n<p><span style=\"font-weight: 400;\">\u00a0<\/span><\/p>\n<p><b>Article II<\/b><b><br \/>\n<\/b><b>Responsibility of the Accommodation Establishment and the Guest<\/b><\/p>\n<ol>\n<li style=\"font-weight: 400;\" aria-level=\"1\"><span style=\"font-weight: 400;\">The accommodation facility is liable for items brought into the accommodation facility and stored in a place reserved for this purpose or where they are usually stored, as well as for damage caused to the stored items, unless the damage occurs otherwise.<\/span><span style=\"font-weight: 400;\"><br \/>\n<\/span><span style=\"font-weight: 400;\">2. A safe is available in the reception area of the accommodation facility for keeping cash, jewellery or other valuables, or a separate room is available for keeping other valuables (e.g. computer and other equipment, skis, bicycles). The accommodation establishment is responsible for these items according to the applicable legislation if they have been taken into custody on the basis of a written confirmation signed by the responsible employee.<\/span><\/li>\n<li style=\"font-weight: 400;\" aria-level=\"1\"><span style=\"font-weight: 400;\">The Guest is liable for damages caused to the property of the accommodation facility according to the applicable legislation. The Guest as the responsible representative is also liable for damages caused by minors for whom he\/she is responsible.<\/span><\/li>\n<li style=\"font-weight: 400;\" aria-level=\"1\"><span style=\"font-weight: 400;\">The Guest shall check the condition and functionality of the equipment in the room in his\/her own interest immediately after check-in and report any defects immediately to the reception of the accommodation facility.\u00a05. For the loss of the hotel room card, the Guest is obliged to immediately pay \u20ac5 as a lump sum compensation at the reception of the accommodation facility. However, this is without prejudice to the actual compensation for damages caused by such loss to Guests.<\/span><\/li>\n<li style=\"font-weight: 400;\" aria-level=\"1\"><span style=\"font-weight: 400;\">For the loss of the hotel room card, the Guest is obliged to immediately pay \u20ac5 as a lump sum compensation at the reception of the accommodation facility. However, this is without prejudice to the actual compensation for damages caused by such loss to Guests.<\/span><\/li>\n<\/ol>\n<p><span style=\"font-weight: 400;\">\u00a0<\/span><\/p>\n<p><b>Article III<\/b><b><br \/>\n<\/b><b>Applicable General Provisions<\/b><\/p>\n<ol>\n<li style=\"font-weight: 400;\" aria-level=\"1\"><span style=\"font-weight: 400;\">The premises of the hotel lobby and the sales centers of the establishment are available for receiving visitors.Vizbe Guests may receive visitors only with the consent of the receptionist on duty and after signing in the visitors&#8217; book, and only between 8:00 a.m. and 10:00 p.m. The receptionist is not authorized to allow any visitor into the Guest&#8217;s room without the prior consent of the Guest concerned.<\/span><\/li>\n<li style=\"font-weight: 400;\" aria-level=\"1\"><span style=\"font-weight: 400;\">Motor vehicles may only access the accommodation facility via access roads and park in designated areas. The use of sound and light signals and leaving the engine running for long periods of time is not permitted.<\/span><\/li>\n<li style=\"font-weight: 400;\" aria-level=\"1\"><span style=\"font-weight: 400;\">The Guest agrees that during the entire period of accommodation, the hotel housekeeper, accommodation manager or maintenance staff has the right to enter the room in order to perform their duties.<\/span><\/li>\n<li style=\"font-weight: 400;\" aria-level=\"1\"><span style=\"font-weight: 400;\">In the room or in the common areas of the accommodation facility, the Guest may not move the interior furnishings, make repairs or any interference with telephone apparatus, radio and television receivers, make modifications or any interference with electrical wiring or other installations without the consent of the management of the accommodation facility.<\/span><\/li>\n<li style=\"font-weight: 400;\" aria-level=\"1\"><span style=\"font-weight: 400;\">Guests are not allowed to use their own electrical appliances in the accommodation facility and especially in the room, except for electrical appliances used for personal hygiene (shaver, massager, hair dryer, etc.).<\/span><\/li>\n<li style=\"font-weight: 400;\" aria-level=\"1\"><span style=\"font-weight: 400;\">In case of fire, the Guest is obliged to follow the instructions of the responsible staff (according to the fire-evacuation plan posted in an accessible place) and the instructions of the commander of the intervention after the arrival of the firefighters.<\/span><\/li>\n<li style=\"font-weight: 400;\" aria-level=\"1\"><span style=\"font-weight: 400;\">Smoking is prohibited in the hotel rooms and other areas of the property. This does not apply to the premises of outlets which have a separate smoking area or designated smoking rooms and smoking areas where smoking is permitted.<\/span><\/li>\n<li style=\"font-weight: 400;\" aria-level=\"1\"><span style=\"font-weight: 400;\">For safety reasons, it is not advisable to leave children under 10 years of age unsupervised either in the room or in other common areas of the property.<\/span><\/li>\n<li style=\"font-weight: 400;\" aria-level=\"1\"><span style=\"font-weight: 400;\">Guests are not allowed to take sports equipment, bicycles, motorcycles, technical equipment and other similar items into the rooms, which for safety and space reasons can be stored in another place reserved by the accommodation facility.<\/span><\/li>\n<li style=\"font-weight: 400;\" aria-level=\"1\"><span style=\"font-weight: 400;\">Ball and sports games may only be played on sports fields and areas designated for this purpose, so as not to disturb the peace, rest and safety of the Guests.<\/span><\/li>\n<li style=\"font-weight: 400;\" aria-level=\"1\"><span style=\"font-weight: 400;\">In case of illness or injury of the Guest, the accommodation facility will provide medical assistance or transport to the hospital.<\/span><\/li>\n<li style=\"font-weight: 400;\" aria-level=\"1\"><span style=\"font-weight: 400;\">Dogs and other animals can be accommodated by the accommodation facility provided that the accommodation facility agrees to this and the owner proves their safe health (vaccination card, passport, etc.) for a fee in accordance with the current price list and observes all hygiene and veterinary regulations during the stay. Animals are not allowed in the resorts where food and drinks are prepared or served. Animals are not allowed to be in the room or other areas of the accommodation without the supervision of the owner, if unaccompanied. Dogs must be muzzled and kept on a lead in all public areas of the establishment. Animals must not rest or lie on a bed or other equipment used for the Guest&#8217;s rest. The inventory of the accommodation facility that is used to prepare or serve food to Guests shall not be used to feed the animals. The owner of the animal or the person accompanying the animal shall be fully responsible for the actions of the animal and for any damage caused by the animal.<\/span><span style=\"font-weight: 400;\"><br \/>\n<\/span><span style=\"font-weight: 400;\">13. The Guest must not be excessively noisy in the room or in other areas of the accommodation or listen to the radio or television receiver excessively loudly.<\/span><\/li>\n<li style=\"font-weight: 400;\" aria-level=\"1\"><span style=\"font-weight: 400;\">Between 10:00 p.m. and 6:00 a.m., the Guest is obliged to observe the night quiet. Only with the consent of the management of the accommodation facility, social events can be organized after 10:00 p.m. in the premises designated for this purpose.<\/span><\/li>\n<li style=\"font-weight: 400;\" aria-level=\"1\"><span style=\"font-weight: 400;\">Before leaving the accommodation facility, the Guest is obliged to close the taps in the room, turn off the lights and electrical appliances, lock the door and hand the key to the reception.<\/span><\/li>\n<li style=\"font-weight: 400;\" aria-level=\"1\"><span style=\"font-weight: 400;\">The Guest addresses his\/her complaints and primary suggestions for improvement of the accommodation facility to the management of the accommodation facility in the form of an entry in the book of wishes and complaints at the reception of the accommodation facility. A complaints procedure is also available to the Guest at the reception of the accommodation facility.<\/span><\/li>\n<li style=\"font-weight: 400;\" aria-level=\"1\"><span style=\"font-weight: 400;\">The Guest and the accommodation facility are obliged to comply with the provisions of these Accommodation Regulations. The accommodation facility is entitled under the law to terminate the accommodation of the Guest prematurely if he\/she grossly violates good manners or otherwise grossly violates his\/her obligations, i.e. over or repeatedly disturbs the peace at night, damages the property of the accommodation facility, otherwise harasses other Guests, etc.<\/span><\/li>\n<li style=\"font-weight: 400;\" aria-level=\"1\"><span style=\"font-weight: 400;\">These accommodation rules regulate the conditions under which the accommodation facility provides accommodation and related services and are binding for the Guest from the moment of conclusion of the accommodation contract, and are available to Guests in the rooms and in a visible place at the reception of the accommodation facility.<\/span><\/li>\n<li style=\"font-weight: 400;\" aria-level=\"1\"><span style=\"font-weight: 400;\">These Accommodation Rules will enter into force on 15.3.2021<\/span><\/li>\n<\/ol>\n<p><span style=\"font-weight: 400;\">\u00a0<\/span><\/p>\n<p><b>IMPOZANT, s.r.o.<\/b><span style=\"font-weight: 400;\"><br \/>\n<\/span><span style=\"font-weight: 400;\">Ing. Jozef Kubinec<\/span><span style=\"font-weight: 400;\"><br \/>\n<\/span><span style=\"font-weight: 400;\">Managing Director<\/span><\/p>\n<p>&nbsp;<\/p>\n","protected":false},"excerpt":{"rendered":"<p>Article I Conditions and Method of Accommodation These accommodation rules of the IMPOZANT Hotel, Snowland Val\u010dianska dolina 1096, 038 35 Val\u010da, are prepared by the company IMPOZANT, s.r.o., with the registered office Z\u00e1borsk\u00e9ho 2, 036 45 Martin, ID No: 44511612, company registered in the Commercial Register of the District Court&#8230;<\/p>\n","protected":false},"author":1,"featured_media":0,"parent":0,"menu_order":0,"comment_status":"closed","ping_status":"closed","template":"","meta":{"_acf_changed":false,"inline_featured_image":false,"footnotes":""},"class_list":["post-6648","page","type-page","status-publish","hentry"],"acf":[],"_links":{"self":[{"href":"https:\/\/impozant.sk\/en\/wp-json\/wp\/v2\/pages\/6648","targetHints":{"allow":["GET"]}}],"collection":[{"href":"https:\/\/impozant.sk\/en\/wp-json\/wp\/v2\/pages"}],"about":[{"href":"https:\/\/impozant.sk\/en\/wp-json\/wp\/v2\/types\/page"}],"author":[{"embeddable":true,"href":"https:\/\/impozant.sk\/en\/wp-json\/wp\/v2\/users\/1"}],"replies":[{"embeddable":true,"href":"https:\/\/impozant.sk\/en\/wp-json\/wp\/v2\/comments?post=6648"}],"version-history":[{"count":2,"href":"https:\/\/impozant.sk\/en\/wp-json\/wp\/v2\/pages\/6648\/revisions"}],"predecessor-version":[{"id":6759,"href":"https:\/\/impozant.sk\/en\/wp-json\/wp\/v2\/pages\/6648\/revisions\/6759"}],"wp:attachment":[{"href":"https:\/\/impozant.sk\/en\/wp-json\/wp\/v2\/media?parent=6648"}],"curies":[{"name":"wp","href":"https:\/\/api.w.org\/{rel}","templated":true}]}}