{"id":7138,"date":"2022-10-01T10:05:58","date_gmt":"2022-10-01T08:05:58","guid":{"rendered":"https:\/\/impozant.sk\/kongresy\/sala-multiplex\/"},"modified":"2024-11-28T11:35:23","modified_gmt":"2024-11-28T10:35:23","slug":"sala-multiplex","status":"publish","type":"page","link":"https:\/\/impozant.sk\/pl\/kongresy\/sala-multiplex\/","title":{"rendered":"Sala Multiplex"},"content":{"rendered":"<p>Impozant Multiplex to najbardziej kompleksowa hotelowa przestrze\u0144 eventowa na S\u0142owacji. Jest wyj\u0105tkowy dzi\u0119ki w\u0142asnemu studiu online, najnowocze\u015bniejszej technologii wizualnej i d\u017awi\u0119kowej oraz mo\u017cliwo\u015bciom przestrzennym.<\/p>\n","protected":false},"excerpt":{"rendered":"<p>Impozant Multiplex to najbardziej kompleksowa hotelowa przestrze\u0144 eventowa na S\u0142owacji. Jest wyj\u0105tkowy dzi\u0119ki w\u0142asnemu studiu online, najnowocze\u015bniejszej technologii wizualnej i d\u017awi\u0119kowej oraz mo\u017cliwo\u015bciom przestrzennym.<\/p>\n","protected":false},"author":1,"featured_media":9373,"parent":7115,"menu_order":0,"comment_status":"closed","ping_status":"closed","template":"","meta":{"_acf_changed":false,"inline_featured_image":false,"footnotes":""},"class_list":["post-7138","page","type-page","status-publish","has-post-thumbnail","hentry"],"acf":[],"_links":{"self":[{"href":"https:\/\/impozant.sk\/pl\/wp-json\/wp\/v2\/pages\/7138","targetHints":{"allow":["GET"]}}],"collection":[{"href":"https:\/\/impozant.sk\/pl\/wp-json\/wp\/v2\/pages"}],"about":[{"href":"https:\/\/impozant.sk\/pl\/wp-json\/wp\/v2\/types\/page"}],"author":[{"embeddable":true,"href":"https:\/\/impozant.sk\/pl\/wp-json\/wp\/v2\/users\/1"}],"replies":[{"embeddable":true,"href":"https:\/\/impozant.sk\/pl\/wp-json\/wp\/v2\/comments?post=7138"}],"version-history":[{"count":4,"href":"https:\/\/impozant.sk\/pl\/wp-json\/wp\/v2\/pages\/7138\/revisions"}],"predecessor-version":[{"id":10194,"href":"https:\/\/impozant.sk\/pl\/wp-json\/wp\/v2\/pages\/7138\/revisions\/10194"}],"up":[{"embeddable":true,"href":"https:\/\/impozant.sk\/pl\/wp-json\/wp\/v2\/pages\/7115"}],"wp:featuredmedia":[{"embeddable":true,"href":"https:\/\/impozant.sk\/pl\/wp-json\/wp\/v2\/media\/9373"}],"wp:attachment":[{"href":"https:\/\/impozant.sk\/pl\/wp-json\/wp\/v2\/media?parent=7138"}],"curies":[{"name":"wp","href":"https:\/\/api.w.org\/{rel}","templated":true}]}}