{"id":7204,"date":"2022-03-30T18:08:20","date_gmt":"2022-03-30T16:08:20","guid":{"rendered":"https:\/\/impozant.sk\/ubytovaci-poriadok\/"},"modified":"2023-10-30T15:46:18","modified_gmt":"2023-10-30T14:46:18","slug":"zasady-zakwaterowania","status":"publish","type":"page","link":"https:\/\/impozant.sk\/pl\/zasady-zakwaterowania\/","title":{"rendered":"Zasady zakwaterowania"},"content":{"rendered":"<p><strong>Artyku\u0142 I.<\/strong><br \/>\n<strong>Warunki i spos\u00f3b zakwaterowania<\/strong><\/p>\n<ol>\n<li>Niniejszy regulamin zakwaterowania w hotelu IMPOZANT, Snowland Val\u010dianska dolina 1096, 038 35 Val\u010da, zosta\u0142 opracowany przez sp\u00f3\u0142k\u0119 IMPOZANT, s.r.o., z siedzib\u0105 Z\u00e1borsk\u00e9ho 2, 036 45 Martin, nr identyfikacyjny firmy: 44511612, sp\u00f3\u0142ka zarejestrowana w Rejestrze Handlowym S\u0105du Rejonowego w \u017bylinie, sekcja:\u00a0Sro, sygn. nr: 50509\/L, kt\u00f3ra jest operatorem hotelu IMPOZANT i zapewnia tymczasowe zakwaterowanie w hotelu.<\/li>\n<li>W tym celu klient natychmiast po przybyciu do obiektu noclegowego powinien przedstawi\u0107 odpowiedniemu recepcjoni\u015bcie wa\u017cny dokument to\u017csamo\u015bci (dow\u00f3d osobisty, paszport) zgodnie z ustaw\u0105 nr 253\/1998 Dz.U. o zg\u0142aszaniu i rejestracji pobytu obywateli, z p\u00f3\u017aniejszymi zmianami. Recepcjonista wyda kart\u0119 zakwaterowania zawieraj\u0105c\u0105 nazw\u0119 obiektu zakwaterowania, imi\u0119 i nazwisko klienta, numer pokoju, cen\u0119, d\u0142ugo\u015b\u0107 pobytu i godzin\u0119 opuszczenia pokoju w ostatnim dniu zakwaterowania oraz wyda klientowi klucz do pokoju (kart\u0119 chipow\u0105). Obiekt noclegowy jest zobowi\u0105zany do ochrony danych osobowych swoich klient\u00f3w zgodnie z Rozporz\u0105dzeniem Parlamentu Europejskiego i Rady (UE) 2016\/679 z dnia 27 kwietnia 2016 r. w sprawie ochrony os\u00f3b fizycznych w zwi\u0105zku z przetwarzaniem danych osobowych i w sprawie swobodnego przep\u0142ywu takich danych oraz uchylenia dyrektywy 95\/46\/WE (og\u00f3lne rozporz\u0105dzenie o ochronie danych). Wi\u0119cej informacji na temat prywatno\u015bci mo\u017cna znale\u017a\u0107 na stronie www.impozant.sk .<\/li>\n<li>Ka\u017cdy klient nieb\u0119d\u0105cy obywatelem Republiki S\u0142owackiej (cudzoziemiec) jest zobowi\u0105zany na mocy ustawy nr 48\/2002 Dz. U. o pobycie cudzoziemc\u00f3w, z p\u00f3\u017aniejszymi zmianami, do wype\u0142nienia i oddania w recepcji oficjalnego formularza zg\u0142oszenia pobytu, formularz b\u0119dzie przedstawiony po przyje\u017adzie przez recepcjonist\u0119, przy czym wszystkie wymagane dane klient jest zobowi\u0105zany poda\u0107 zgodnie z prawd\u0105 i w ca\u0142o\u015bci.<br \/>\n4.\u00a0Z zakwaterowania mog\u0105 korzysta\u0107 wy\u0142\u0105cznie osoby wolne od chor\u00f3b zaka\u017anych.<br \/>\n5. Obiekt zastrzega sobie prawo do zaoferowania klientowi w wyj\u0105tkowych przypadkach innego zakwaterowania ni\u017c pierwotnie uzgodnione, o ile nie r\u00f3\u017cni si\u0119 ono znacz\u0105co od pierwotnego zam\u00f3wienia.<br \/>\n6. Obiekt noclegowy jest zobowi\u0105zany do zakwaterowania klienta najp\u00f3\u017aniej do godziny 18:00, chyba \u017ce w zam\u00f3wieniu okre\u015blono inaczej. Po tej godzinie obiekt noclegowy mo\u017ce swobodnie dysponowa\u0107 pokojem.<br \/>\n7. Je\u017celi klient zarezerwowa\u0142 zakwaterowanie z wyprzedzeniem, a rezerwacja wraz z cen\u0105 zakwaterowania zosta\u0142a potwierdzona na pi\u015bmie, a obiekt zakwaterowania zakwateruje klienta w pokoju o wy\u017cszej cenie ze wzgl\u0119d\u00f3w operacyjnych, obiekt zakwaterowania obci\u0105\u017cy klienta potwierdzon\u0105 cen\u0105.<br \/>\n8. Je\u015bli klient poprosi\u0142 o przed\u0142u\u017cenie pobytu, obiekt noclegowy mo\u017ce r\u00f3wnie\u017c zaoferowa\u0107 mu inny pok\u00f3j w innej cenie ni\u017c ten, w kt\u00f3rym przebywa\u0142.<\/li>\n<li>Je\u015bli okres zakwaterowania nie zosta\u0142 wcze\u015bniej uzgodniony, klient wymelduje si\u0119 z pokoju nie p\u00f3\u017aniej ni\u017c o godzinie 10:00 ostatniego dnia pobytu. Je\u015bli nie zrobi tego w wyznaczonym terminie, obiekt mo\u017ce naliczy\u0107 mu op\u0142at\u0119 w wysoko\u015bci 5 \u20ac za ka\u017cd\u0105 godzin\u0119 pobytu.\u00a0Je\u015bli klient nie opu\u015bci pokoju do godziny 16:00, obiekt mo\u017ce obci\u0105\u017cy\u0107 go op\u0142at\u0105 za kolejn\u0105 dob\u0119 pobytu.<br \/>\n10. Go\u015bcie, kt\u00f3rzy zamelduj\u0105 si\u0119 w obiekcie przed godzin\u0105 6:00, zostan\u0105 obci\u0105\u017ceni op\u0142at\u0105 za ca\u0142\u0105 poprzedni\u0105 noc.<br \/>\n11. Po ponownym przybyciu do obiektu zakwaterowania klient zobowi\u0105zany jest do okazania wa\u017cnego dokumentu to\u017csamo\u015bci.<br \/>\n12. Obiekt zakwaterowania \u015bwiadczy us\u0142ugi na rzecz klient\u00f3w w zakresie okre\u015blonym przez prawo. Klient jest zobowi\u0105zany do zap\u0142aty ceny za zakwaterowanie i \u015bwiadczone us\u0142ugi zgodnie z obowi\u0105zuj\u0105cym cennikiem i warunkami p\u0142atno\u015bci obiektu zakwaterowania. Cennik tymczasowego zakwaterowania i innych us\u0142ug jest dost\u0119pny w recepcji obiektu zakwaterowania.<\/li>\n<\/ol>\n<p>&nbsp;<\/p>\n<p><strong>Artyku\u0142 II.<\/strong><br \/>\n<strong>Odpowiedzialno\u015b\u0107 obiektu noclegowego i klienta<\/strong><\/p>\n<ol>\n<li>Obiekt noclegowy ponosi odpowiedzialno\u015b\u0107 za przedmioty wniesione do obiektu noclegowego i przechowywane w miejscu do tego przeznaczonym lub w miejscu, w kt\u00f3rym s\u0105 one zwykle przechowywane, a tak\u017ce za szkody wyrz\u0105dzone przechowywanym przedmiotom, chyba \u017ce szkoda powsta\u0142a w inny spos\u00f3b.<br \/>\n2. W recepcji obiektu dost\u0119pny jest sejf do przechowywania got\u00f3wki, bi\u017cuterii lub innych kosztowno\u015bci lub oddzielne pomieszczenie do przechowywania innych kosztowno\u015bci (np. komputera i innego sprz\u0119tu, nart, rower\u00f3w). Obiekt zakwaterowania jest odpowiedzialny za te przedmioty zgodnie z obowi\u0105zuj\u0105cymi przepisami, je\u015bli zosta\u0142y one przej\u0119te na podstawie pisemnego potwierdzenia podpisanego przez odpowiedzialnego pracownika.<\/li>\n<li>Klient ponosi odpowiedzialno\u015b\u0107 za szkody wyrz\u0105dzone w mieniu obiektu zgodnie z obowi\u0105zuj\u0105cymi przepisami. Klient jako odpowiedzialny przedstawiciel odpowiada r\u00f3wnie\u017c za szkody wyrz\u0105dzone przez nieletnich, za kt\u00f3rych jest odpowiedzialny.<\/li>\n<li>Klient zobowi\u0105zany jest do sprawdzenia stanu i funkcjonalno\u015bci wyposa\u017cenia pokoju we w\u0142asnym interesie niezw\u0142ocznie po zameldowaniu i niezw\u0142ocznego zg\u0142oszenia wszelkich usterek w recepcji obiektu.\u00a05. W przypadku utraty karty do pokoju hotelowego, klient jest zobowi\u0105zany do natychmiastowej zap\u0142aty 5 \u20ac jako zrycza\u0142towanej rekompensaty w recepcji obiektu zakwaterowania. Pozostaje to jednak bez uszczerbku dla rzeczywistej rekompensaty za szkody spowodowane tak\u0105 utrat\u0105 klient\u00f3w.<\/li>\n<li>W przypadku utraty karty do pokoju hotelowego, klient jest zobowi\u0105zany do natychmiastowej zap\u0142aty 5 \u20ac jako zrycza\u0142towanej rekompensaty w recepcji obiektu zakwaterowania. Pozostaje to jednak bez uszczerbku dla rzeczywistej rekompensaty za szkody spowodowane tak\u0105 utrat\u0105 klient\u00f3w.<\/li>\n<\/ol>\n<p>&nbsp;<\/p>\n<p><strong>Artyku\u0142 III.<\/strong><br \/>\n<strong>Obowi\u0105zuj\u0105ce przepisy og\u00f3lne<\/strong><\/p>\n<ol>\n<li>Pomieszczenia lobby hotelowego oraz centra handlowe obiektu s\u0105 dost\u0119pne do przyjmowania go\u015bci.Klient mo\u017ce przyjmowa\u0107 go\u015bci w pokoju wy\u0142\u0105cznie za zgod\u0105 recepcjonisty i po wpisaniu si\u0119 do ksi\u0119gi go\u015bci, wy\u0142\u0105cznie w godzinach od 8:00 do 22:00. Recepcjonista nie jest upowa\u017cniony do wpuszczania go\u015bci do pokoju klienta bez uprzedniej zgody danego klienta.<\/li>\n<li>Pojazdy silnikowe mog\u0105 wje\u017cd\u017ca\u0107 na teren obiektu wy\u0142\u0105cznie drogami dojazdowymi i parkowa\u0107 w wyznaczonych miejscach. Niedozwolone jest u\u017cywanie sygna\u0142\u00f3w d\u017awi\u0119kowych i \u015bwietlnych oraz pozostawianie silnika w\u0142\u0105czonego przez d\u0142u\u017cszy czas.<\/li>\n<li>Klient wyra\u017ca zgod\u0119 na to, aby sprz\u0105taczka hotelowa, pokoj\u00f3wka, kierownik obiektu noclegowego lub pracownik obs\u0142ugi technicznej mieli prawo wej\u015b\u0107 do pokoju w celu wykonania swoich obowi\u0105zk\u00f3w przez ca\u0142y pobyt.<\/li>\n<li>W pokoju lub w cz\u0119\u015bciach wsp\u00f3lnych obiektu zakwaterowania klient nie mo\u017ce bez zgody kierownictwa obiektu zakwaterowania przesuwa\u0107 wyposa\u017cenia wn\u0119trza, dokonywa\u0107 napraw lub jakiejkolwiek ingerencji w aparaty telefoniczne, odbiorniki radiowe i telewizyjne, dokonywa\u0107 zmian lub jakiejkolwiek ingerencji w przewody elektryczne lub inne instalacje.<\/li>\n<li>Klienci nie mog\u0105 korzysta\u0107 z w\u0142asnych urz\u0105dze\u0144 elektrycznych w obiekcie zakwaterowania, a zw\u0142aszcza w pokoju, z wyj\u0105tkiem urz\u0105dze\u0144 elektrycznych u\u017cywanych do higieny osobistej (golarka, masa\u017cer, suszarka do w\u0142os\u00f3w itp.).<\/li>\n<li>W przypadku po\u017caru klient ma obowi\u0105zek zastosowa\u0107 si\u0119 do polece\u0144 odpowiedzialnych pracownik\u00f3w (zgodnie z planem ewakuacji po\u017carowej wywieszonym w dost\u0119pnym miejscu), po przybyciu na miejsce stra\u017cy po\u017carnej do polece\u0144 dow\u00f3dcy interwencji.<\/li>\n<li>W pokojach i innych pomieszczeniach obiektu obowi\u0105zuje zakaz palenia. Nie dotyczy to pomieszcze\u0144 punkt\u00f3w sprzeda\u017cy, kt\u00f3re maj\u0105 wydzielon\u0105 stref\u0119 dla pal\u0105cych lub wyznaczone palarnie i strefy dla pal\u0105cych, w kt\u00f3rych palenie jest dozwolone.<\/li>\n<li>Ze wzgl\u0119d\u00f3w bezpiecze\u0144stwa nie zaleca si\u0119 pozostawiania dzieci poni\u017cej 10. roku \u017cycia bez nadzoru ani w pokoju, ani w innych cz\u0119\u015bciach wsp\u00f3lnych obiektu.<\/li>\n<li>Klienci nie mog\u0105 wnosi\u0107 do pokoi sprz\u0119tu sportowego, rower\u00f3w, motocykli, sprz\u0119tu technicznego i innych podobnych przedmiot\u00f3w, kt\u00f3re ze wzgl\u0119d\u00f3w bezpiecze\u0144stwa i przestrzeni mog\u0105 by\u0107 przechowywane w innym miejscu zarezerwowanym przez obiekt.<\/li>\n<li>Gry w pi\u0142k\u0119 i gry sportowe mog\u0105 by\u0107 rozgrywane wy\u0142\u0105cznie na boiskach sportowych i obszarach wyznaczonych do tego celu, tak aby nie zak\u0142\u00f3ca\u0107 spokoju, odpoczynku i bezpiecze\u0144stwa klient\u00f3w.<\/li>\n<li>W przypadku choroby lub urazu klienta obiekt zapewnia pomoc medyczn\u0105 lub transport do szpitala.<\/li>\n<li>Psy i inne zwierz\u0119ta mog\u0105 by\u0107 zakwaterowane w obiekcie pod warunkiem, \u017ce obiekt wyrazi na to zgod\u0119, a w\u0142a\u015bciciel udowodni ich bezpieczny stan zdrowia (karta szczepie\u0144, paszport itp.) za op\u0142at\u0105 zgodn\u0105 z aktualnym cennikiem i b\u0119dzie przestrzega\u0107 wszystkich przepis\u00f3w higienicznych i weterynaryjnych podczas pobytu. Zwierz\u0119ta nie mog\u0105 przebywa\u0107 w o\u015brodkach, w kt\u00f3rych przygotowywane lub podawane s\u0105 posi\u0142ki i napoje. Zwierz\u0119ta nie mog\u0105 przebywa\u0107 w pokoju lub innych cz\u0119\u015bciach obiektu bez nadzoru w\u0142a\u015bciciela, je\u015bli nie s\u0105 pod jego opiek\u0105. Psy musz\u0105 by\u0107 trzymane w kaga\u0144cu i na smyczy we wszystkich miejscach publicznych obiektu. Zwierz\u0119ta nie mog\u0105 odpoczywa\u0107 &#8211; le\u017c\u0105c na \u0142\u00f3\u017cku lub innym sprz\u0119cie u\u017cywanym do odpoczynku klienta. Zapasy obiektu noclegowego, kt\u00f3re s\u0105 wykorzystywane do przygotowywania lub podawania \u017cywno\u015bci klientom, nie mog\u0105 by\u0107 wykorzystywane do karmienia zwierz\u0105t. W\u0142a\u015bciciel zwierz\u0119cia lub osoba towarzysz\u0105ca zwierz\u0119ciu ponosi pe\u0142n\u0105 odpowiedzialno\u015b\u0107 za dzia\u0142ania zwierz\u0119cia i wszelkie szkody wyrz\u0105dzone przez zwierz\u0119.<br \/>\n13. Klientowi nie wolno nadmiernie ha\u0142asowa\u0107 w pokoju ani w innych miejscach zakwaterowania, ani te\u017c nadmiernie g\u0142o\u015bno s\u0142ucha\u0107 radia lub odbiornika telewizyjnego.<\/li>\n<li>W godzinach od 22:00 do 6:00 klient zobowi\u0105zany jest do przestrzegania ciszy nocnej. Imprezy towarzyskie mog\u0105 by\u0107 organizowane po godzinie 22:00 w pomieszczeniach przeznaczonych do tego celu wy\u0142\u0105cznie za zgod\u0105 kierownictwa obiektu.<\/li>\n<li>Przed opuszczeniem obiektu klient zobowi\u0105zany jest do zakr\u0119cenia kran\u00f3w w pokoju, wy\u0142\u0105czenia \u015bwiat\u0142a i urz\u0105dze\u0144 elektrycznych, zamkni\u0119cia drzwi na klucz i przekazania klucza do recepcji.<\/li>\n<li>Klient kieruje swoje za\u017calenia i podstawowe sugestie dotycz\u0105ce ulepszenia obiektu noclegowego do kierownictwa obiektu noclegowego w formie wpisu do ksi\u0105\u017cki \u017cycze\u0144 i za\u017cale\u0144 w recepcji obiektu noclegowego. Procedura sk\u0142adania skarg jest r\u00f3wnie\u017c dost\u0119pna dla klienta w recepcji obiektu zakwaterowania.<\/li>\n<li>Klient i obiekt zakwaterowania s\u0105 zobowi\u0105zani do przestrzegania postanowie\u0144 niniejszego regulaminu zakwaterowania. Obiekt noclegowy jest uprawniony na mocy prawa do przedwczesnego zako\u0144czenia zakwaterowania klienta, je\u015bli ra\u017c\u0105co narusza on dobre obyczaje lub w inny spos\u00f3b ra\u017c\u0105co narusza swoje obowi\u0105zki, tj. nadmiernie lub wielokrotnie zak\u0142\u00f3ca spok\u00f3j w nocy, niszczy mienie obiektu noclegowego, w inny spos\u00f3b n\u0119ka innych klient\u00f3w itp.<\/li>\n<li>Niniejszy regulamin zakwaterowania reguluje warunki, na jakich obiekt zakwaterowania zapewnia zakwaterowanie i zwi\u0105zane z nim us\u0142ugi i jest wi\u0105\u017c\u0105cy dla klienta od momentu zawarcia umowy o zakwaterowanie i jest dost\u0119pny dla klient\u00f3w w pokojach oraz w widocznym miejscu w recepcji obiektu zakwaterowania.<\/li>\n<li>Niniejszy regulamin zakwaterowania wchodzi w \u017cycie z dniem 15.3.2021 r.<\/li>\n<\/ol>\n<p>&nbsp;<\/p>\n<p><strong>IMPOZANT, s.r.o.<\/strong><br \/>\nIng. Jozef Kubinec<br \/>\ndyrektor zarz\u0105dzaj\u0105cy<\/p>\n<p>&nbsp;<\/p>\n","protected":false},"excerpt":{"rendered":"<p>Artyku\u0142 I. Warunki i spos\u00f3b zakwaterowania Niniejszy regulamin zakwaterowania w hotelu IMPOZANT, Snowland Val\u010dianska dolina 1096, 038 35 Val\u010da, zosta\u0142 opracowany przez sp\u00f3\u0142k\u0119 IMPOZANT, s.r.o., z siedzib\u0105 Z\u00e1borsk\u00e9ho 2, 036 45 Martin, nr identyfikacyjny firmy: 44511612, sp\u00f3\u0142ka zarejestrowana w Rejestrze Handlowym S\u0105du Rejonowego w \u017bylinie, sekcja:\u00a0Sro, sygn. nr: 50509\/L, kt\u00f3ra&#8230;<\/p>\n","protected":false},"author":1,"featured_media":0,"parent":0,"menu_order":0,"comment_status":"closed","ping_status":"closed","template":"","meta":{"_acf_changed":false,"inline_featured_image":false,"footnotes":""},"class_list":["post-7204","page","type-page","status-publish","hentry"],"acf":[],"_links":{"self":[{"href":"https:\/\/impozant.sk\/pl\/wp-json\/wp\/v2\/pages\/7204","targetHints":{"allow":["GET"]}}],"collection":[{"href":"https:\/\/impozant.sk\/pl\/wp-json\/wp\/v2\/pages"}],"about":[{"href":"https:\/\/impozant.sk\/pl\/wp-json\/wp\/v2\/types\/page"}],"author":[{"embeddable":true,"href":"https:\/\/impozant.sk\/pl\/wp-json\/wp\/v2\/users\/1"}],"replies":[{"embeddable":true,"href":"https:\/\/impozant.sk\/pl\/wp-json\/wp\/v2\/comments?post=7204"}],"version-history":[{"count":1,"href":"https:\/\/impozant.sk\/pl\/wp-json\/wp\/v2\/pages\/7204\/revisions"}],"predecessor-version":[{"id":7205,"href":"https:\/\/impozant.sk\/pl\/wp-json\/wp\/v2\/pages\/7204\/revisions\/7205"}],"wp:attachment":[{"href":"https:\/\/impozant.sk\/pl\/wp-json\/wp\/v2\/media?parent=7204"}],"curies":[{"name":"wp","href":"https:\/\/api.w.org\/{rel}","templated":true}]}}